{"id":1107,"date":"2021-11-22T10:19:13","date_gmt":"2021-11-22T09:19:13","guid":{"rendered":"https:\/\/www.jiri-kovar.cz\/?page_id=1107"},"modified":"2025-09-05T08:08:57","modified_gmt":"2025-09-05T06:08:57","slug":"chci-snizit-preplatek-na-hypo","status":"publish","type":"page","link":"https:\/\/www.jiri-kovar.cz\/index.php\/chci-snizit-preplatek-na-hypo\/","title":{"rendered":"Chci sn\u00ed\u017eit p\u0159eplatek na HYPO"},"content":{"rendered":"[vc_row type=&#8220;full_width_background&#8220; full_screen_row_position=&#8220;middle&#8220; column_margin=&#8220;default&#8220; scene_position=&#8220;center&#8220; text_color=&#8220;dark&#8220; text_align=&#8220;left&#8220; color_overlay=&#8220;#282e34&#8243; overlay_strength=&#8220;1&#8243; shape_divider_position=&#8220;bottom&#8220; bg_image_animation=&#8220;none&#8220; shape_type=&#8220;&#8220;][vc_column column_padding=&#8220;no-extra-padding&#8220; column_padding_position=&#8220;all&#8220; background_color_opacity=&#8220;1&#8243; background_hover_color_opacity=&#8220;1&#8243; column_link_target=&#8220;_self&#8220; column_shadow=&#8220;none&#8220; column_border_radius=&#8220;none&#8220; width=&#8220;1\/1&#8243; tablet_width_inherit=&#8220;default&#8220; tablet_text_alignment=&#8220;default&#8220; phone_text_alignment=&#8220;default&#8220; overlay_strength=&#8220;0.3&#8243; column_border_width=&#8220;none&#8220; column_border_style=&#8220;solid&#8220; bg_image_animation=&#8220;none&#8220;][\/vc_column][\/vc_row][vc_row type=&#8220;full_width_background&#8220; full_screen_row_position=&#8220;middle&#8220; column_margin=&#8220;default&#8220; scene_position=&#8220;center&#8220; text_color=&#8220;dark&#8220; text_align=&#8220;left&#8220; top_padding=&#8220;5%&#8220; bottom_padding=&#8220;5%&#8220; color_overlay=&#8220;#d8d8d8&#8243; overlay_strength=&#8220;0.3&#8243; shape_divider_position=&#8220;bottom&#8220; bg_image_animation=&#8220;none&#8220; shape_type=&#8220;&#8220;][vc_column column_padding=&#8220;no-extra-padding&#8220; column_padding_position=&#8220;all&#8220; background_color_opacity=&#8220;1&#8243; background_hover_color_opacity=&#8220;1&#8243; column_link_target=&#8220;_self&#8220; column_shadow=&#8220;none&#8220; column_border_radius=&#8220;none&#8220; width=&#8220;1\/2&#8243; tablet_width_inherit=&#8220;default&#8220; tablet_text_alignment=&#8220;default&#8220; phone_text_alignment=&#8220;default&#8220; overlay_strength=&#8220;0.3&#8243; column_border_width=&#8220;none&#8220; column_border_style=&#8220;solid&#8220; bg_image_animation=&#8220;none&#8220;][nectar_animated_title heading_tag=&#8220;h6&#8243; style=&#8220;color-strip-reveal&#8220; color=&#8220;Accent-Color&#8220; text=&#8220;P\u0159idejte se k n\u00e1m&#8220;][vc_column_text css=&#8220;.vc_custom_1648453554628{padding-right: 5% !important;padding-bottom: 3% !important;}&#8220;]\n<h2>Chcete sn\u00ed\u017eit p\u0159eplatek na hypote\u010dn\u00edm \u00fav\u011bru?<\/h2>\n[\/vc_column_text][vc_column_text css=&#8220;.vc_custom_1648453562205{margin-bottom: 30px !important;padding-right: 10% !important;}&#8220; max_width=&#8220;550&#8243;]P\u0159eplatek na hypote\u010dn\u00edm \u00fav\u011bru je v\u011bt\u0161inou v \u0159\u00e1du statis\u00edc\u016f. Spole\u010dn\u011b zefektivn\u00edme Va\u0161e finance a p\u0159eplatek V\u00e1m sn\u00ed\u017e\u00edm na minimum. U\u0161et\u0159\u00edte, a je\u0161t\u011b si zkr\u00e1t\u00edte hypot\u00e9ku v pr\u016fm\u011bru o 10 let.[\/vc_column_text][image_with_animation image_url=&#8220;1216&#8243; alignment=&#8220;&#8220; animation=&#8220;None&#8220; hover_animation=&#8220;none&#8220; border_radius=&#8220;none&#8220; box_shadow=&#8220;none&#8220; image_loading=&#8220;default&#8220; max_width=&#8220;75%&#8220; max_width_mobile=&#8220;default&#8220;][vc_column_text css=&#8220;.vc_custom_1648453569587{margin-bottom: 30px !important;padding-right: 10% !important;}&#8220; max_width=&#8220;550&#8243;]Pro Va\u0161i p\u0159edstavu \u2013 na hypot\u00e9ce ve v\u00fd\u0161i\u00a04 000 000\u00a0K\u010d, kde je rozd\u00edl na\u00a0\u00farokov\u00e9 sazb\u011b 0,3 % p. a., je v\u00fd\u0161e p\u0159eplatku<b>\u00a0216 000 K\u010d.<\/b>[\/vc_column_text][\/vc_column][vc_column column_padding=&#8220;no-extra-padding&#8220; column_padding_position=&#8220;all&#8220; background_color_opacity=&#8220;1&#8243; background_hover_color_opacity=&#8220;1&#8243; column_link_target=&#8220;_self&#8220; column_shadow=&#8220;none&#8220; column_border_radius=&#8220;none&#8220; width=&#8220;1\/4&#8243; tablet_width_inherit=&#8220;default&#8220; tablet_text_alignment=&#8220;default&#8220; phone_text_alignment=&#8220;default&#8220; overlay_strength=&#8220;0.3&#8243; column_border_width=&#8220;none&#8220; column_border_style=&#8220;solid&#8220; bg_image_animation=&#8220;none&#8220;][fancy_box box_style=&#8220;color_box_hover&#8220; icon_family=&#8220;iconsmind&#8220; color=&#8220;accent-color&#8220; box_alignment=&#8220;left&#8220; enable_border=&#8220;true&#8220; border_radius=&#8220;default&#8220; image_loading=&#8220;lazy-load&#8220; color_scheme=&#8220;dark&#8220; secondary_content=&#8220;here&#8217;s some awesome text that would only be shown on hover&#8220; icon_iconsmind=&#8220;iconsmind-Timer&#8220; min_height=&#8220;300&#8243; link_url=&#8220;https:\/\/www.jiri-kovar.cz\/index.php\/chci-snizit-preplatek-na-hypo\/#fixace&#8220;]\n<h3>Pro ty, kter\u00fdm kon\u010d\u00ed fixace<\/h3>\n<p>3 roky dop\u0159edu m\u016f\u017eete refinancovat dokonce bez sankce ze strany banky<\/p>\n<p>&nbsp;[\/fancy_box][\/vc_column][vc_column centered_text=&#8220;true&#8220; column_padding=&#8220;no-extra-padding&#8220; column_padding_position=&#8220;all&#8220; background_color_opacity=&#8220;1&#8243; background_hover_color_opacity=&#8220;1&#8243; column_link_target=&#8220;_self&#8220; column_shadow=&#8220;none&#8220; column_border_radius=&#8220;none&#8220; width=&#8220;1\/4&#8243; tablet_width_inherit=&#8220;default&#8220; tablet_text_alignment=&#8220;default&#8220; phone_text_alignment=&#8220;default&#8220; overlay_strength=&#8220;0.3&#8243; column_border_width=&#8220;none&#8220; column_border_style=&#8220;solid&#8220; bg_image_animation=&#8220;none&#8220;][fancy_box box_style=&#8220;color_box_hover&#8220; icon_family=&#8220;iconsmind&#8220; color=&#8220;accent-color&#8220; box_alignment=&#8220;left&#8220; enable_border=&#8220;true&#8220; border_radius=&#8220;default&#8220; image_loading=&#8220;lazy-load&#8220; color_scheme=&#8220;dark&#8220; secondary_content=&#8220;here&#8217;s some awesome text that would only be shown on hover&#8220; icon_iconsmind=&#8220;iconsmind-Mail-Money&#8220; min_height=&#8220;300&#8243; link_url=&#8220;https:\/\/www.jiri-kovar.cz\/index.php\/chci-snizit-preplatek-na-hypo\/#preplatek&#8220;]\n<h3>Sn\u00ed\u017een\u00ed p\u0159eplatku na \u00fav\u011bru<\/h3>\n<p>smyslem je u\u0161et\u0159it statis\u00edce a je\u0161t\u011b si zkr\u00e1tit hypot\u00e9ku o \u0159adu let<\/p>\n<p>&nbsp;[\/fancy_box][\/vc_column][\/vc_row][vc_row type=&#8220;in_container&#8220; full_screen_row_position=&#8220;middle&#8220; column_margin=&#8220;default&#8220; scene_position=&#8220;center&#8220; text_color=&#8220;custom&#8220; custom_text_color=&#8220;#0a0a0a&#8220; text_align=&#8220;left&#8220; top_padding=&#8220;8%&#8220; id=&#8220;fixace&#8220; overlay_strength=&#8220;0.3&#8243; shape_divider_position=&#8220;bottom&#8220; bg_image_animation=&#8220;none&#8220; shape_type=&#8220;&#8220;][vc_column column_padding=&#8220;no-extra-padding&#8220; column_padding_position=&#8220;all&#8220; background_color_opacity=&#8220;1&#8243; background_hover_color_opacity=&#8220;1&#8243; column_link_target=&#8220;_self&#8220; column_shadow=&#8220;none&#8220; column_border_radius=&#8220;none&#8220; width=&#8220;1\/2&#8243; tablet_width_inherit=&#8220;default&#8220; tablet_text_alignment=&#8220;default&#8220; phone_text_alignment=&#8220;default&#8220; overlay_strength=&#8220;0.3&#8243; column_border_width=&#8220;none&#8220; column_border_style=&#8220;solid&#8220; bg_image_animation=&#8220;none&#8220;][nectar_animated_title heading_tag=&#8220;h6&#8243; style=&#8220;color-strip-reveal&#8220; color=&#8220;Accent-Color&#8220; text=&#8220;Nov\u00e9 fixa\u010dn\u00ed obdob\u00ed&#8220;][vc_column_text css=&#8220;.vc_custom_1648453593824{padding-right: 5% !important;padding-bottom: 3% !important;}&#8220;]\n<h2>Pro ty, kter\u00fdm kon\u010d\u00ed fixace<\/h2>\n[\/vc_column_text][vc_column_text css=&#8220;.vc_custom_1754634602846{margin-bottom: 30px !important;padding-right: 10% !important;}&#8220; max_width=&#8220;550&#8243;]Pokud\u00a0jste si vzali v minulosti \u00fav\u011br a nyn\u00ed m\u00e1te pocit, \u017ee by to mohlo b\u00fdt levn\u011bj\u0161\u00ed, st\u00e1vaj\u00edc\u00ed \u00fav\u011br m\u016f\u017eete refinancovat. V dne\u0161n\u00ed dob\u011b lze refinancovat hypot\u00e9ku a\u017e 3 roky dop\u0159edu za aktu\u00e1ln\u00ed \u00farokovou sazbu. To znamen\u00e1, \u017ee si dnes m\u016f\u017eete sjednat podm\u00ednky pro nov\u00fd fix na dal\u0161\u00ed 3 roky, na kter\u00e9 se nav\u00e1\u017ee po skon\u010den\u00ed sou\u010dasn\u00e9 fixace. Banka V\u00e1m automaticky nab\u00edz\u00ed novou \u00farokovou sazbu na dal\u0161\u00ed obdob\u00ed ve 3m\u011bs\u00ed\u010dn\u00ed lh\u016ft\u011b p\u0159ed uplynut\u00edm fixace.<\/p>\n<p>Velk\u00fd probl\u00e9m ale nast\u00e1v\u00e1, jestli\u017ee V\u00e1m kon\u010d\u00ed fixace a \u00farokov\u00e9 sazby jsou na vysok\u00e9 \u00farovni. To je \u010dast\u00fd p\u0159\u00edpad posledn\u00ed doby. Lid\u00e9, kte\u0159\u00ed si brali hypote\u010dn\u00ed \u00fav\u011br v roce 2017 se bl\u00ed\u017e\u00ed konci fixace. P\u0159i zalo\u017een\u00ed byla \u00farokov\u00e1 sazby 1,79 % p. a., dnes je ov\u0161em okolo 4,2 % p. a.[\/vc_column_text][image_with_animation image_url=&#8220;1298&#8243; alignment=&#8220;&#8220; animation=&#8220;None&#8220; hover_animation=&#8220;none&#8220; border_radius=&#8220;none&#8220; box_shadow=&#8220;none&#8220; image_loading=&#8220;default&#8220; max_width=&#8220;75%&#8220; max_width_mobile=&#8220;default&#8220;][vc_column_text css=&#8220;.vc_custom_1648453623060{margin-bottom: 30px !important;padding-right: 10% !important;}&#8220; max_width=&#8220;550&#8243;]Standardn\u011b pro klienty zaji\u0161\u0165uji refinancov\u00e1n\u00ed za co nejni\u017e\u0161\u00ed sazby na trhu, kdy oslov\u00edme v\u0161echny banky v\u010detn\u011b Va\u0161\u00ed st\u00e1vaj\u00edc\u00ed. V\u0161e spole\u010dn\u011b probereme a p\u0159iprav\u00edme, a\u0165 u\u017e kon\u010d\u00ed fixace za 3 m\u011bs\u00edce nebo za 2 roky, sv\u00fdm klient\u016fm v\u0161ak doporu\u010duji tuto ot\u00e1zku \u0159e\u0161it v\u017edy v p\u0159edstihu.\u00a0Spo\u010d\u00edt\u00e1m V\u00e1m, kolik t\u00edm u\u0161et\u0159\u00edte a jak si sn\u00ed\u017e\u00edte spl\u00e1tku, zkr\u00e1t\u00edte dobu spl\u00e1cen\u00ed nebo oboje sou\u010dasn\u011b. Hlavn\u00ed my\u0161lenkou je sn\u00ed\u017eit p\u0159eplatek na hypote\u010dn\u00edm \u00fav\u011bru na maximum, tedy naj\u00edt to nejlep\u0161\u00ed \u0159e\u0161en\u00ed pr\u00e1v\u011b pro V\u00e1s.[\/vc_column_text][\/vc_column][vc_column column_padding=&#8220;no-extra-padding&#8220; column_padding_position=&#8220;all&#8220; background_color_opacity=&#8220;1&#8243; background_hover_color_opacity=&#8220;1&#8243; column_link_target=&#8220;_self&#8220; column_shadow=&#8220;none&#8220; column_border_radius=&#8220;none&#8220; width=&#8220;1\/2&#8243; tablet_width_inherit=&#8220;default&#8220; tablet_text_alignment=&#8220;default&#8220; phone_text_alignment=&#8220;default&#8220; overlay_strength=&#8220;0.3&#8243; column_border_width=&#8220;none&#8220; column_border_style=&#8220;solid&#8220; bg_image_animation=&#8220;none&#8220;][nectar_animated_title heading_tag=&#8220;h6&#8243; style=&#8220;color-strip-reveal&#8220; color=&#8220;Accent-Color&#8220; text=&#8220;Nov\u00fd hypote\u010dn\u00ed \u00fav\u011br&#8220;][vc_column_text css=&#8220;.vc_custom_1648453641558{padding-right: 5% !important;padding-bottom: 3% !important;}&#8220;]\n<h2>Sn\u00ed\u017een\u00ed p\u0159eplatku na hypote\u010dn\u00edm \u00fav\u011bru<\/h2>\n[\/vc_column_text][vc_column_text css=&#8220;.vc_custom_1648453660069{margin-bottom: 30px !important;padding-right: 10% !important;}&#8220; max_width=&#8220;550&#8243;]Uva\u017eujete o hypote\u010dn\u00edm \u00fav\u011bru pro financov\u00e1n\u00ed Va\u0161\u00ed nemovitosti? P\u0159eplatek na hypote\u010dn\u00edm \u00fav\u011bru by pro V\u00e1s m\u011bl b\u00fdt jeden z nejd\u016fle\u017eit\u011bj\u0161\u00edch parametr\u016f \u00fav\u011bru p\u0159i v\u00fdb\u011bru banky, m\u016f\u017ee se jednat o p\u0159epl\u00e1cen\u00ed statis\u00edc\u016f p\u0159i v\u00fdb\u011bru nespr\u00e1vn\u00e9 banky.\u00a0Pro klienty hled\u00e1m nejlep\u0161\u00ed variantu, jak sn\u00ed\u017eit p\u0159eplatek a zkr\u00e1tit dobu hypote\u010dn\u00edho \u00fav\u011bru.<\/p>\n<p>Nab\u00eddky ka\u017ed\u00e9 jedn\u00e9 banky se mohou li\u0161it a nen\u00ed snadn\u011b se ve v\u0161ech mo\u017enostech vyznat, proto\u017ee \u010dasto je t\u0159eba \u010d\u00edst mezi \u0159\u00e1dky. Co na prvn\u00ed pohled vypad\u00e1 jako spr\u00e1vn\u00e1 volba, nemus\u00ed b\u00fdt ide\u00e1ln\u00ed mo\u017enost\u00ed pr\u00e1v\u011b pro V\u00e1s.<\/p>\n<p><b>Smyslem je u\u0161et\u0159it maximum finan\u010dn\u00edch prost\u0159edk\u016f<\/b>[\/vc_column_text][\/vc_column][\/vc_row][vc_row type=&#8220;full_width_content&#8220; full_screen_row_position=&#8220;middle&#8220; column_margin=&#8220;default&#8220; scene_position=&#8220;center&#8220; text_color=&#8220;dark&#8220; text_align=&#8220;left&#8220; top_padding=&#8220;3%&#8220; overlay_strength=&#8220;0.3&#8243; shape_divider_position=&#8220;bottom&#8220; bg_image_animation=&#8220;none&#8220; shape_type=&#8220;&#8220;][vc_column column_padding=&#8220;no-extra-padding&#8220; column_padding_position=&#8220;all&#8220; background_color_opacity=&#8220;1&#8243; background_hover_color_opacity=&#8220;1&#8243; column_link_target=&#8220;_self&#8220; column_shadow=&#8220;none&#8220; column_border_radius=&#8220;none&#8220; width=&#8220;1\/1&#8243; tablet_width_inherit=&#8220;default&#8220; tablet_text_alignment=&#8220;default&#8220; phone_text_alignment=&#8220;default&#8220; overlay_strength=&#8220;0.3&#8243; column_border_width=&#8220;none&#8220; column_border_style=&#8220;solid&#8220; bg_image_animation=&#8220;none&#8220;][image_with_animation image_url=&#8220;774&#8243; alignment=&#8220;right&#8220; animation=&#8220;None&#8220; hover_animation=&#8220;none&#8220; border_radius=&#8220;none&#8220; box_shadow=&#8220;none&#8220; image_loading=&#8220;default&#8220; max_width=&#8220;100%&#8220; max_width_mobile=&#8220;default&#8220;][\/vc_column][\/vc_row]\n","protected":false},"excerpt":{"rendered":"<p>[vc_row type=&#8220;full_width_background&#8220; full_screen_row_position=&#8220;middle&#8220; column_margin=&#8220;default&#8220; scene_position=&#8220;center&#8220; text_color=&#8220;dark&#8220; text_align=&#8220;left&#8220; color_overlay=&#8220;#282e34&#8243; overlay_strength=&#8220;1&#8243; shape_divider_position=&#8220;bottom&#8220; bg_image_animation=&#8220;none&#8220; shape_type=&#8220;&#8220;][vc_column column_padding=&#8220;no-extra-padding&#8220; column_padding_position=&#8220;all&#8220; background_color_opacity=&#8220;1&#8243; background_hover_color_opacity=&#8220;1&#8243; column_link_target=&#8220;_self&#8220; column_shadow=&#8220;none&#8220; column_border_radius=&#8220;none&#8220; width=&#8220;1\/1&#8243; tablet_width_inherit=&#8220;default&#8220; tablet_text_alignment=&#8220;default&#8220; phone_text_alignment=&#8220;default&#8220; overlay_strength=&#8220;0.3&#8243; column_border_width=&#8220;none&#8220; column_border_style=&#8220;solid&#8220; bg_image_animation=&#8220;none&#8220;][\/vc_column][\/vc_row][vc_row type=&#8220;full_width_background&#8220; full_screen_row_position=&#8220;middle&#8220; column_margin=&#8220;default&#8220;&#8230;<\/p>\n","protected":false},"author":1,"featured_media":0,"parent":0,"menu_order":0,"comment_status":"closed","ping_status":"closed","template":"","meta":{"_monsterinsights_skip_tracking":false,"_monsterinsights_sitenote_active":false,"_monsterinsights_sitenote_note":"","_monsterinsights_sitenote_category":0,"footnotes":""},"class_list":["post-1107","page","type-page","status-publish"],"_links":{"self":[{"href":"https:\/\/www.jiri-kovar.cz\/index.php\/wp-json\/wp\/v2\/pages\/1107"}],"collection":[{"href":"https:\/\/www.jiri-kovar.cz\/index.php\/wp-json\/wp\/v2\/pages"}],"about":[{"href":"https:\/\/www.jiri-kovar.cz\/index.php\/wp-json\/wp\/v2\/types\/page"}],"author":[{"embeddable":true,"href":"https:\/\/www.jiri-kovar.cz\/index.php\/wp-json\/wp\/v2\/users\/1"}],"replies":[{"embeddable":true,"href":"https:\/\/www.jiri-kovar.cz\/index.php\/wp-json\/wp\/v2\/comments?post=1107"}],"version-history":[{"count":40,"href":"https:\/\/www.jiri-kovar.cz\/index.php\/wp-json\/wp\/v2\/pages\/1107\/revisions"}],"predecessor-version":[{"id":1668,"href":"https:\/\/www.jiri-kovar.cz\/index.php\/wp-json\/wp\/v2\/pages\/1107\/revisions\/1668"}],"wp:attachment":[{"href":"https:\/\/www.jiri-kovar.cz\/index.php\/wp-json\/wp\/v2\/media?parent=1107"}],"curies":[{"name":"wp","href":"https:\/\/api.w.org\/{rel}","templated":true}]}}