{"id":596,"date":"2021-04-12T11:00:28","date_gmt":"2021-04-12T09:00:28","guid":{"rendered":"https:\/\/www.jiri-kovar.cz\/?page_id=596"},"modified":"2024-10-04T10:16:22","modified_gmt":"2024-10-04T08:16:22","slug":"kontakt","status":"publish","type":"page","link":"https:\/\/www.jiri-kovar.cz\/index.php\/kontakt\/","title":{"rendered":"Kontakt"},"content":{"rendered":"[vc_row type=&#8220;full_width_background&#8220; full_screen_row_position=&#8220;middle&#8220; equal_height=&#8220;yes&#8220; content_placement=&#8220;middle&#8220; column_margin=&#8220;default&#8220; bg_image=&#8220;1614&#8243; bg_position=&#8220;left top&#8220; bg_repeat=&#8220;no-repeat&#8220; bg_color=&#8220;#ffffff&#8220; scene_position=&#8220;center&#8220; text_color=&#8220;custom&#8220; custom_text_color=&#8220;#3a3a3a&#8220; text_align=&#8220;left&#8220; top_padding=&#8220;4%&#8220; bottom_padding=&#8220;0&#8243; overlay_strength=&#8220;0.3&#8243; shape_divider_position=&#8220;bottom&#8220; bg_image_animation=&#8220;none&#8220; shape_type=&#8220;&#8220;][vc_column column_padding=&#8220;padding-6-percent&#8220; column_padding_position=&#8220;all&#8220; background_color_opacity=&#8220;1&#8243; background_hover_color_opacity=&#8220;1&#8243; column_link_target=&#8220;_self&#8220; column_shadow=&#8220;none&#8220; column_border_radius=&#8220;none&#8220; width=&#8220;1\/2&#8243; tablet_width_inherit=&#8220;default&#8220; tablet_text_alignment=&#8220;default&#8220; phone_text_alignment=&#8220;default&#8220; color_overlay=&#8220;rgba(15,15,15,0.63)&#8220; overlay_strength=&#8220;0.3&#8243; column_border_width=&#8220;none&#8220; column_border_style=&#8220;solid&#8220; bg_image_animation=&#8220;none&#8220;][nectar_animated_title heading_tag=&#8220;h6&#8243; style=&#8220;color-strip-reveal&#8220; color=&#8220;Accent-Color&#8220; text=&#8220;Finance co maj\u00ed cenu&#8220;][vc_custom_heading text=&#8220;Ji\u0159\u00ed Kov\u00e1\u0159&#8220; font_container=&#8220;tag:h2|font_size:40|text_align:left|color:%23ffffff|line_height:50px&#8220; use_theme_fonts=&#8220;yes&#8220;][vc_column_text css=&#8220;.vc_custom_1728029774036{margin-top: 30px !important;margin-bottom: 30px !important;}&#8220;]\n<div class=\"wpb_text_column wpb_content_element wpb_animate_when_almost_visible wpb_bottom-to-top bottom-to-top vc_custom_1614589080281 animated wpb_start_animation\">\n<div class=\"wpb_wrapper\">\n<p><span style=\"color: #ffffff;\">M\u00e1te ot\u00e1zky ohledn\u011b financ\u00ed nebo pot\u0159ebujete odbornou radu p\u0159i financov\u00e1n\u00ed bydlen\u00ed? Jsem k dispozici pro klienty z Pardubic i z cel\u00e9 republiky. Nep\u0159epl\u00e1cejte bank\u00e1m a poji\u0161\u0165ovn\u00e1m \u2013 moje slu\u017eby V\u00e1m pomohou efektivn\u011b spravovat finance, \u0161et\u0159it \u010das a zajistit finan\u010dn\u00ed jistotu.<\/span><\/p>\n<p><span style=\"color: #ffffff;\">Nev\u00e1hejte m\u011b kontaktovat, jsem tu, abych V\u00e1m pomohl s \u0159e\u0161en\u00edm Va\u0161ich finan\u010dn\u00edch pot\u0159eb.<\/span><\/p>\n<\/div>\n<\/div>\n[\/vc_column_text][vc_row_inner column_margin=&#8220;default&#8220; text_align=&#8220;left&#8220;][vc_column_inner column_padding=&#8220;no-extra-padding&#8220; column_padding_position=&#8220;all&#8220; background_color_opacity=&#8220;1&#8243; background_hover_color_opacity=&#8220;1&#8243; column_shadow=&#8220;none&#8220; column_border_radius=&#8220;none&#8220; column_link_target=&#8220;_self&#8220; width=&#8220;1\/1&#8243; tablet_width_inherit=&#8220;default&#8220; overlay_strength=&#8220;0.3&#8243; column_border_width=&#8220;none&#8220; column_border_style=&#8220;solid&#8220; bg_image_animation=&#8220;none&#8220;][divider line_type=&#8220;No Line&#8220;]<div class=\"iwithtext\"><div class=\"iwt-icon\"> <i class=\"icon-default-style icon-phone accent-color\"><\/i> <\/div><div class=\"iwt-text\"> <span style=\"color: #ffffff;\">+420 775 225 181<\/span> <\/div><div class=\"clear\"><\/div><\/div><div class=\"iwithtext\"><div class=\"iwt-icon\"> <i class=\"icon-default-style steadysets-icon-email2 accent-color\"><\/i> <\/div><div class=\"iwt-text\"> <span style=\"color: #ffffff;\"><a style=\"color: #ffffff;\" href=\"mailto:jiri.kovar@hmct.cz\">jiri.kovar@hmct.cz<\/a><\/span> <\/div><div class=\"clear\"><\/div><\/div>[\/vc_column_inner][\/vc_row_inner][nectar_icon icon_family=&#8220;iconsmind&#8220; icon_style=&#8220;default&#8220; icon_color=&#8220;Accent-Color&#8220; open_new_tab=&#8220;true&#8220; icon_padding=&#8220;20px&#8220; icon_iconsmind=&#8220;iconsmind-Facebook-2&#8243; icon_size=&#8220;29&#8243; margin_left=&#8220;-20px&#8220; url=&#8220;http:\/\/fb.me\/jirikovarfinance&#8220;][nectar_icon icon_family=&#8220;iconsmind&#8220; icon_style=&#8220;default&#8220; icon_color=&#8220;Accent-Color&#8220; open_new_tab=&#8220;true&#8220; icon_padding=&#8220;20px&#8220; icon_iconsmind=&#8220;iconsmind-Twitter&#8220; icon_size=&#8220;29&#8243; url=&#8220;https:\/\/twitter.com\/JiKovar&#8220;][nectar_icon icon_family=&#8220;iconsmind&#8220; icon_style=&#8220;default&#8220; icon_color=&#8220;Accent-Color&#8220; open_new_tab=&#8220;true&#8220; icon_padding=&#8220;20px&#8220; icon_iconsmind=&#8220;iconsmind-Linkedin-2&#8243; icon_size=&#8220;29&#8243; url=&#8220;https:\/\/www.linkedin.com\/in\/ji\u0159%C3%AD-kov\u00e1\u0159-961845197\/&#8220;][toggles style=&#8220;minimal&#8220;][toggle color=&#8220;Accent-Color&#8220; title=&#8220;Certifikovan\u00fd poradce&#8220;][vc_column_text]<span style=\"color: #ffffff;\">Spot\u0159ebitelsk\u00e9 \u00fav\u011bry zprost\u0159edkov\u00e1v\u00e1me jako v\u00e1zan\u00fd z\u00e1stupce zapsan\u00fd v registru \u010cNB pod I\u010cO:\u00a088296881 a z\u00e1rove\u0148 registrovan\u00fd pod samostatn\u00fdm zprost\u0159edkovatelem spot\u0159ebitelsk\u00fdch \u00fav\u011br\u016f Broker Trust, a.s. I\u010cO: 26439719<\/span><\/p>\n<p><span style=\"color: #ffffff;\">Pojistn\u00e9 produkty zprost\u0159edkov\u00e1v\u00e1me jako v\u00e1zan\u00fd z\u00e1stupce zapsan\u00fd v registru \u010cNB pod I\u010cO: 88296881\u00a0a z\u00e1rove\u0148 registrovan\u00fd pod samostatn\u00fdm zprost\u0159edkovatelem Broker Trust, a.s. I\u010cO: 26439719<\/span><\/p>\n<p><span style=\"color: #ffffff;\">Investi\u010dn\u00ed produkty zprost\u0159edkov\u00e1v\u00e1me jako v\u00e1zan\u00fd z\u00e1stupce zapsan\u00fd v registru \u010cNB pod I\u010cO: 88296881 a z\u00e1rove\u0148 registrovan\u00fd pod investi\u010dn\u00edm prost\u0159edkovatelem Broker Trust, a.s. I\u010cO: 26439719.<\/span>[\/vc_column_text][\/toggle][\/toggles][\/vc_column][vc_column column_padding=&#8220;no-extra-padding&#8220; column_padding_position=&#8220;all&#8220; background_color_opacity=&#8220;1&#8243; background_hover_color_opacity=&#8220;1&#8243; column_link_target=&#8220;_self&#8220; column_shadow=&#8220;none&#8220; column_border_radius=&#8220;none&#8220; width=&#8220;1\/2&#8243; tablet_width_inherit=&#8220;default&#8220; tablet_text_alignment=&#8220;default&#8220; phone_text_alignment=&#8220;default&#8220; overlay_strength=&#8220;0.3&#8243; column_border_width=&#8220;none&#8220; column_border_style=&#8220;solid&#8220; bg_image_animation=&#8220;none&#8220;][\/vc_column][\/vc_row]\n","protected":false},"excerpt":{"rendered":"<p>[vc_row type=&#8220;full_width_background&#8220; full_screen_row_position=&#8220;middle&#8220; equal_height=&#8220;yes&#8220; content_placement=&#8220;middle&#8220; column_margin=&#8220;default&#8220; bg_image=&#8220;1614&#8243; bg_position=&#8220;left top&#8220; bg_repeat=&#8220;no-repeat&#8220; bg_color=&#8220;#ffffff&#8220; scene_position=&#8220;center&#8220; text_color=&#8220;custom&#8220; custom_text_color=&#8220;#3a3a3a&#8220; text_align=&#8220;left&#8220; top_padding=&#8220;4%&#8220; bottom_padding=&#8220;0&#8243; overlay_strength=&#8220;0.3&#8243; shape_divider_position=&#8220;bottom&#8220; bg_image_animation=&#8220;none&#8220; shape_type=&#8220;&#8220;][vc_column column_padding=&#8220;padding-6-percent&#8220; column_padding_position=&#8220;all&#8220; background_color_opacity=&#8220;1&#8243; background_hover_color_opacity=&#8220;1&#8243; column_link_target=&#8220;_self&#8220; column_shadow=&#8220;none&#8220; column_border_radius=&#8220;none&#8220; width=&#8220;1\/2&#8243; tablet_width_inherit=&#8220;default&#8220;&#8230;<\/p>\n","protected":false},"author":1,"featured_media":0,"parent":0,"menu_order":0,"comment_status":"closed","ping_status":"closed","template":"","meta":{"_monsterinsights_skip_tracking":false,"_monsterinsights_sitenote_active":false,"_monsterinsights_sitenote_note":"","_monsterinsights_sitenote_category":0,"footnotes":""},"class_list":["post-596","page","type-page","status-publish"],"_links":{"self":[{"href":"https:\/\/www.jiri-kovar.cz\/index.php\/wp-json\/wp\/v2\/pages\/596"}],"collection":[{"href":"https:\/\/www.jiri-kovar.cz\/index.php\/wp-json\/wp\/v2\/pages"}],"about":[{"href":"https:\/\/www.jiri-kovar.cz\/index.php\/wp-json\/wp\/v2\/types\/page"}],"author":[{"embeddable":true,"href":"https:\/\/www.jiri-kovar.cz\/index.php\/wp-json\/wp\/v2\/users\/1"}],"replies":[{"embeddable":true,"href":"https:\/\/www.jiri-kovar.cz\/index.php\/wp-json\/wp\/v2\/comments?post=596"}],"version-history":[{"count":51,"href":"https:\/\/www.jiri-kovar.cz\/index.php\/wp-json\/wp\/v2\/pages\/596\/revisions"}],"predecessor-version":[{"id":1630,"href":"https:\/\/www.jiri-kovar.cz\/index.php\/wp-json\/wp\/v2\/pages\/596\/revisions\/1630"}],"wp:attachment":[{"href":"https:\/\/www.jiri-kovar.cz\/index.php\/wp-json\/wp\/v2\/media?parent=596"}],"curies":[{"name":"wp","href":"https:\/\/api.w.org\/{rel}","templated":true}]}}